{"id":67,"date":"2021-02-21T10:39:44","date_gmt":"2021-02-21T10:39:44","guid":{"rendered":"https:\/\/productoslaconstancia.com\/pt\/?page_id=67"},"modified":"2021-02-21T11:22:47","modified_gmt":"2021-02-21T11:22:47","slug":"aviso-legal","status":"publish","type":"page","link":"https:\/\/productoslaconstancia.com\/pt\/aviso-legal\/","title":{"rendered":"AVISO LEGAL"},"content":{"rendered":"<p>[et_pb_section fb_built=\u00bb1&#8243; _builder_version=\u00bb4.4.6&#8243; _module_preset=\u00bbdefault\u00bb][et_pb_row _builder_version=\u00bb4.4.6&#8243; _module_preset=\u00bbdefault\u00bb width=\u00bb80vw\u00bb width_tablet=\u00bb90vw\u00bb width_phone=\u00bb90vw\u00bb width_last_edited=\u00bbon|phone\u00bb max_width=\u00bb80vw\u00bb max_width_tablet=\u00bb90vw\u00bb max_width_phone=\u00bb90vw\u00bb max_width_last_edited=\u00bbon|desktop\u00bb custom_padding=\u00bb3vw|3vw|3vw|3vw|true|true\u00bb][et_pb_column type=\u00bb4_4&#8243; _builder_version=\u00bb4.4.6&#8243; _module_preset=\u00bbdefault\u00bb][et_pb_text _builder_version=\u00bb4.9.0&#8243; _module_preset=\u00bbdefault\u00bb text_font_size=\u00bb1.25vw\u00bb text_line_height=\u00bb1.5em\u00bb header_font=\u00bb|600|||||||\u00bb header_text_color=\u00bb#e09900&#8243; header_font_size=\u00bb3vw\u00bb header_line_height=\u00bb1.5em\u00bb header_2_font=\u00bb|600|||||||\u00bb header_2_text_color=\u00bb#e09900&#8243; header_2_font_size=\u00bb2vw\u00bb header_2_line_height=\u00bb1.5em\u00bb text_orientation=\u00bbjustified\u00bb hover_enabled=\u00bb0&#8243; text_font_size_tablet=\u00bb2.2vw\u00bb text_font_size_phone=\u00bb3.5vw\u00bb text_font_size_last_edited=\u00bbon|phone\u00bb header_font_size_tablet=\u00bb5vw\u00bb header_font_size_phone=\u00bb7vw\u00bb header_font_size_last_edited=\u00bbon|phone\u00bb header_2_font_size_tablet=\u00bb2vw\u00bb header_2_font_size_phone=\u00bb3vw\u00bb header_2_font_size_last_edited=\u00bbon|phone\u00bb sticky_enabled=\u00bb0&#8243;]<\/p>\n<h1><strong>AVISO LEGAL<\/strong><\/h1>\n<p>Em cumprimento ao artigo 10 da Lei 34\/2002, de 11 de julho, sobre Servi\u00e7os da Sociedade da Informa\u00e7\u00e3o e Com\u00e9rcio Eletr\u00f4nico, informamos que o Titular do site <strong><a href=\"https:\/\/www.productoslaconstancia.com\/pt\/\">www.productoslaconstancia.com<\/a><\/strong> (doravante o &#8216;Site&#8217;), \u00e9 Productos La Constancia SL (doravante, &#8216;La Constancia&#8217;), com CIF B-30055370 e com sede em Pol\u00edgono Industrial El Semolilla, Calle N, Manzana 6, 30640 Abanilla (Murcia).<\/p>\n<p>&nbsp;<\/p>\n<p>Voc\u00ea pode entrar em contato com La Constancia atrav\u00e9s do e-mail <strong><a href=\"mailto:info@productoslaconstancia.com\">info@productoslaconstancia.com<\/a><\/strong> e atrav\u00e9s do formul\u00e1rio de contato neste site.<\/p>\n<p>[\/et_pb_text][et_pb_text _builder_version=\u00bb4.9.0&#8243; _module_preset=\u00bbdefault\u00bb text_font_size=\u00bb1.25vw\u00bb text_line_height=\u00bb1.5em\u00bb header_font=\u00bb|600|||||||\u00bb header_text_color=\u00bb#e09900&#8243; header_font_size=\u00bb3vw\u00bb header_line_height=\u00bb1.5em\u00bb header_2_font=\u00bb|600|||||||\u00bb header_2_text_color=\u00bb#e09900&#8243; header_2_font_size=\u00bb2vw\u00bb header_2_line_height=\u00bb1.5em\u00bb text_orientation=\u00bbjustified\u00bb text_font_size_tablet=\u00bb2.2vw\u00bb text_font_size_phone=\u00bb3.5vw\u00bb text_font_size_last_edited=\u00bbon|phone\u00bb header_font_size_tablet=\u00bb5vw\u00bb header_font_size_phone=\u00bb7vw\u00bb header_font_size_last_edited=\u00bbon|phone\u00bb header_2_font_size_tablet=\u00bb2vw\u00bb header_2_font_size_phone=\u00bb3vw\u00bb header_2_font_size_last_edited=\u00bbon|phone\u00bb]<\/p>\n<h2>1. Objeto<\/h2>\n<p>O objetivo do site La Constancia \u00e9 informar sobre La Constancia, as atividades que realiza e os servi\u00e7os que presta, atender aos pedidos de compra e facilitar a gest\u00e3o dos servi\u00e7os contratados para os clientes.<\/p>\n<p>[\/et_pb_text][et_pb_text _builder_version=\u00bb4.9.0&#8243; _module_preset=\u00bbdefault\u00bb text_font_size=\u00bb1.25vw\u00bb text_line_height=\u00bb1.5em\u00bb header_font=\u00bb|600|||||||\u00bb header_text_color=\u00bb#e09900&#8243; header_font_size=\u00bb3vw\u00bb header_line_height=\u00bb1.5em\u00bb header_2_font=\u00bb|600|||||||\u00bb header_2_text_color=\u00bb#e09900&#8243; header_2_font_size=\u00bb2vw\u00bb header_2_line_height=\u00bb1.5em\u00bb text_orientation=\u00bbjustified\u00bb hover_enabled=\u00bb0&#8243; text_font_size_tablet=\u00bb2.2vw\u00bb text_font_size_phone=\u00bb3.5vw\u00bb text_font_size_last_edited=\u00bbon|phone\u00bb header_font_size_tablet=\u00bb5vw\u00bb header_font_size_phone=\u00bb7vw\u00bb header_font_size_last_edited=\u00bbon|phone\u00bb header_2_font_size_tablet=\u00bb2vw\u00bb header_2_font_size_phone=\u00bb3vw\u00bb header_2_font_size_last_edited=\u00bbon|phone\u00bb sticky_enabled=\u00bb0&#8243;]<\/p>\n<h2>2. Condi\u00e7\u00f5es de uso<\/h2>\n<p>A utiliza\u00e7\u00e3o do site confere-lhe o estatuto de Utilizador e est\u00e1 sujeita \u00e0 leitura pr\u00e9via e aceita\u00e7\u00e3o plena, expressa e sem reservas de todas as cl\u00e1usulas e condi\u00e7\u00f5es de utiliza\u00e7\u00e3o constantes deste Aviso Legal, da Pol\u00edtica de Privacidade e da Pol\u00edtica de Cookies que voc\u00ea pode acessar a partir destes links:<\/p>\n<ul>\n<li><a href=\"https:\/\/productoslaconstancia.com\/pt\/politica-de-privacidade\/\"><strong>Pol\u00edtica de Privacidade<\/strong><\/a><\/li>\n<li><a href=\"https:\/\/productoslaconstancia.com\/pt\/politica-de-cookies\/\"><strong>Pol\u00edtica de Cookies<\/strong><\/a><\/li>\n<\/ul>\n<p>Se voc\u00ea n\u00e3o concordar com todas e cada uma dessas cl\u00e1usulas e condi\u00e7\u00f5es, voc\u00ea se abster\u00e1 de usar o site.<\/p>\n<p>[\/et_pb_text][et_pb_text _builder_version=\u00bb4.9.0&#8243; _module_preset=\u00bbdefault\u00bb text_font_size=\u00bb1.25vw\u00bb text_line_height=\u00bb1.5em\u00bb header_font=\u00bb|600|||||||\u00bb header_text_color=\u00bb#e09900&#8243; header_font_size=\u00bb3vw\u00bb header_line_height=\u00bb1.5em\u00bb header_2_font=\u00bb|600|||||||\u00bb header_2_text_color=\u00bb#e09900&#8243; header_2_font_size=\u00bb2vw\u00bb header_2_line_height=\u00bb1.5em\u00bb text_orientation=\u00bbjustified\u00bb text_font_size_tablet=\u00bb2.2vw\u00bb text_font_size_phone=\u00bb3.5vw\u00bb text_font_size_last_edited=\u00bbon|phone\u00bb header_font_size_tablet=\u00bb5vw\u00bb header_font_size_phone=\u00bb7vw\u00bb header_font_size_last_edited=\u00bbon|phone\u00bb header_2_font_size_tablet=\u00bb2vw\u00bb header_2_font_size_phone=\u00bb3vw\u00bb header_2_font_size_last_edited=\u00bbon|phone\u00bb]<\/p>\n<h2>3. Conte\u00fado<\/h2>\n<p>Atrav\u00e9s do site, La Constancia permite o acesso e a utiliza\u00e7\u00e3o de diversos conte\u00fados que La Constancia publica na Internet.<\/p>\n<p>Para o efeito, compromete-se e compromete-se a N\u00c3O utilizar nenhum dos conte\u00fados do site para fins ou efeitos ilegais, proibidos neste Aviso Legal ou pela legisla\u00e7\u00e3o em vigor, prejudiciais aos direitos e interesses de terceiros, ou que de qualquer forma possam danificar, desabilitar, sobrecarregar, deteriorar ou impedir o uso normal de conte\u00fados, equipamentos de inform\u00e1tica ou documentos, arquivos e todo tipo de conte\u00fado armazenado em qualquer equipamento de inform\u00e1tica de propriedade ou contratado por La Constancia, outros Usu\u00e1rios ou qualquer usu\u00e1rio da Internet.<\/p>\n<p>Em todo o caso, La Constancia compromete-se a retirar imediatamente todo conte\u00fado que possa violar a legisla\u00e7\u00e3o nacional ou internacional, a moral ou a ordem p\u00fablica, e o levar\u00e1 ao conhecimento das autoridades competentes.<\/p>\n<p>[\/et_pb_text][et_pb_text _builder_version=\u00bb4.9.0&#8243; _module_preset=\u00bbdefault\u00bb text_font_size=\u00bb1.25vw\u00bb text_line_height=\u00bb1.5em\u00bb header_font=\u00bb|600|||||||\u00bb header_text_color=\u00bb#e09900&#8243; header_font_size=\u00bb3vw\u00bb header_line_height=\u00bb1.5em\u00bb header_2_font=\u00bb|600|||||||\u00bb header_2_text_color=\u00bb#e09900&#8243; header_2_font_size=\u00bb2vw\u00bb header_2_line_height=\u00bb1.5em\u00bb text_orientation=\u00bbjustified\u00bb text_font_size_tablet=\u00bb2.2vw\u00bb text_font_size_phone=\u00bb3.5vw\u00bb text_font_size_last_edited=\u00bbon|phone\u00bb header_font_size_tablet=\u00bb5vw\u00bb header_font_size_phone=\u00bb7vw\u00bb header_font_size_last_edited=\u00bbon|phone\u00bb header_2_font_size_tablet=\u00bb2vw\u00bb header_2_font_size_phone=\u00bb3vw\u00bb header_2_font_size_last_edited=\u00bbon|phone\u00bb]<\/p>\n<h2>4. Links para outros sites<\/h2>\n<p>La Constancia pode lhe proporcionar o acesso a outros sites externos atrav\u00e9s de links com o \u00fanico prop\u00f3sito de inform\u00e1-lo da exist\u00eancia de outras fontes de informa\u00e7\u00e3o na Internet nas quais voc\u00ea possa ampliar a informa\u00e7\u00e3o oferecida no site. Estes links para outros sites n\u00e3o implicam em caso algum uma sugest\u00e3o ou recomenda\u00e7\u00e3o para que visite as p\u00e1ginas do destino, que est\u00e3o fora do controle de La Constancia e pelos quais esta n\u00e3o assume qualquer responsabilidade sobre o referido conte\u00fado ou o resultado obtido por seguir os links.<br \/>Em todo o caso, La Constancia compromete-se a eliminar qualquer v\u00ednculo ou redirecionamento que possa violar a legisla\u00e7\u00e3o nacional ou internacional, a moral ou a ordem p\u00fablica, e o levar\u00e1 ao conhecimento das autoridades competentes.<\/p>\n<p>[\/et_pb_text][et_pb_text _builder_version=\u00bb4.9.0&#8243; _module_preset=\u00bbdefault\u00bb text_font_size=\u00bb1.25vw\u00bb text_line_height=\u00bb1.5em\u00bb header_font=\u00bb|600|||||||\u00bb header_text_color=\u00bb#e09900&#8243; header_font_size=\u00bb3vw\u00bb header_line_height=\u00bb1.5em\u00bb header_2_font=\u00bb|600|||||||\u00bb header_2_text_color=\u00bb#e09900&#8243; header_2_font_size=\u00bb2vw\u00bb header_2_line_height=\u00bb1.5em\u00bb text_orientation=\u00bbjustified\u00bb text_font_size_tablet=\u00bb2.2vw\u00bb text_font_size_phone=\u00bb3.5vw\u00bb text_font_size_last_edited=\u00bbon|phone\u00bb header_font_size_tablet=\u00bb5vw\u00bb header_font_size_phone=\u00bb7vw\u00bb header_font_size_last_edited=\u00bbon|phone\u00bb header_2_font_size_tablet=\u00bb2vw\u00bb header_2_font_size_phone=\u00bb3vw\u00bb header_2_font_size_last_edited=\u00bbon|phone\u00bb]<\/p>\n<h2>5. Modifica\u00e7\u00f5es<\/h2>\n<p>La Constancia reserva-se o direito de modificar, suspender, cancelar ou restringir o conte\u00fado do site, seu design e os links nele contidos sem pr\u00e9vio aviso.<\/p>\n<p>[\/et_pb_text][et_pb_text _builder_version=\u00bb4.9.0&#8243; _module_preset=\u00bbdefault\u00bb text_font_size=\u00bb1.25vw\u00bb text_line_height=\u00bb1.5em\u00bb header_font=\u00bb|600|||||||\u00bb header_text_color=\u00bb#e09900&#8243; header_font_size=\u00bb3vw\u00bb header_line_height=\u00bb1.5em\u00bb header_2_font=\u00bb|600|||||||\u00bb header_2_text_color=\u00bb#e09900&#8243; header_2_font_size=\u00bb2vw\u00bb header_2_line_height=\u00bb1.5em\u00bb text_orientation=\u00bbjustified\u00bb text_font_size_tablet=\u00bb2.2vw\u00bb text_font_size_phone=\u00bb3.5vw\u00bb text_font_size_last_edited=\u00bbon|phone\u00bb header_font_size_tablet=\u00bb5vw\u00bb header_font_size_phone=\u00bb7vw\u00bb header_font_size_last_edited=\u00bbon|phone\u00bb header_2_font_size_tablet=\u00bb2vw\u00bb header_2_font_size_phone=\u00bb3vw\u00bb header_2_font_size_last_edited=\u00bbon|phone\u00bb]<\/p>\n<h2>6. Isen\u00e7\u00e3o de responsabilidade<\/h2>\n<p>La Constancia n\u00e3o garante a aus\u00eancia de erros no acesso ou no conte\u00fado do site ou do blog, nem que estejam atualizados, embora La Constancia envidar\u00e1 todos os esfor\u00e7os para evit\u00e1-los, corrigi-los ou mant\u00ea-los. Informa\u00e7\u00e3o Atualizada.<\/p>\n<p>La Constancia n\u00e3o se responsabiliza por nenhum dano que possa causar aos equipamentos ou sistemas dos usu\u00e1rios por poss\u00edveis v\u00edrus inform\u00e1ticos que possam ter contra\u00eddo pela navega\u00e7\u00e3o do usu\u00e1rio no site.<\/p>\n<p>[\/et_pb_text][et_pb_text _builder_version=\u00bb4.9.0&#8243; _module_preset=\u00bbdefault\u00bb text_font_size=\u00bb1.25vw\u00bb text_line_height=\u00bb1.5em\u00bb header_font=\u00bb|600|||||||\u00bb header_text_color=\u00bb#e09900&#8243; header_font_size=\u00bb3vw\u00bb header_line_height=\u00bb1.5em\u00bb header_2_font=\u00bb|600|||||||\u00bb header_2_text_color=\u00bb#e09900&#8243; header_2_font_size=\u00bb2vw\u00bb header_2_line_height=\u00bb1.5em\u00bb text_orientation=\u00bbjustified\u00bb text_font_size_tablet=\u00bb2.2vw\u00bb text_font_size_phone=\u00bb3.5vw\u00bb text_font_size_last_edited=\u00bbon|phone\u00bb header_font_size_tablet=\u00bb5vw\u00bb header_font_size_phone=\u00bb7vw\u00bb header_font_size_last_edited=\u00bbon|phone\u00bb header_2_font_size_tablet=\u00bb2vw\u00bb header_2_font_size_phone=\u00bb3vw\u00bb header_2_font_size_last_edited=\u00bbon|phone\u00bb]<\/p>\n<h2>7. Medidas de seguran\u00e7a<\/h2>\n<p>La Constancia p\u00f4s em pr\u00e1tica todas as medidas de seguran\u00e7a pertinentes para garantir a seguran\u00e7a das comunica\u00e7\u00f5es.<\/p>\n<p>No entanto, deve estar ciente de que as medidas de seguran\u00e7a dos sistemas inform\u00e1ticos na Internet n\u00e3o s\u00e3o totalmente fi\u00e1veis \u200b\u200be que, por isso, La Constancia n\u00e3o pode garantir a aus\u00eancia de v\u00edrus ou outros elementos que possam causar altera\u00e7\u00f5es nos sistemas inform\u00e1ticos (software e hardware) do Usu\u00e1rio ou em seus documentos eletr\u00f4nicos e arquivos neles contidos. Embora La Constancia coloque todos os meios necess\u00e1rios e tome as medidas de seguran\u00e7a adequadas para evitar a presen\u00e7a desses elementos nocivos.<\/p>\n<p>[\/et_pb_text][et_pb_text _builder_version=\u00bb4.9.0&#8243; _module_preset=\u00bbdefault\u00bb text_font_size=\u00bb1.25vw\u00bb text_line_height=\u00bb1.5em\u00bb header_font=\u00bb|600|||||||\u00bb header_text_color=\u00bb#e09900&#8243; header_font_size=\u00bb3vw\u00bb header_line_height=\u00bb1.5em\u00bb header_2_font=\u00bb|600|||||||\u00bb header_2_text_color=\u00bb#e09900&#8243; header_2_font_size=\u00bb2vw\u00bb header_2_line_height=\u00bb1.5em\u00bb text_orientation=\u00bbjustified\u00bb hover_enabled=\u00bb0&#8243; text_font_size_tablet=\u00bb2.2vw\u00bb text_font_size_phone=\u00bb3.5vw\u00bb text_font_size_last_edited=\u00bbon|phone\u00bb header_font_size_tablet=\u00bb5vw\u00bb header_font_size_phone=\u00bb7vw\u00bb header_font_size_last_edited=\u00bbon|phone\u00bb header_2_font_size_tablet=\u00bb2vw\u00bb header_2_font_size_phone=\u00bb3vw\u00bb header_2_font_size_last_edited=\u00bbon|phone\u00bb sticky_enabled=\u00bb0&#8243;]<\/p>\n<h2>8. Dados pessoais<\/h2>\n<p>Pode consultar toda a informa\u00e7\u00e3o relativa ao tratamento de dados pessoais efectuado por La Constancia na p\u00e1gina de <a href=\"https:\/\/productoslaconstancia.com\/pt\/politica-de-privacidade\/\"><strong>Pol\u00edtica de Privacidade<\/strong><\/a>.<\/p>\n<p>[\/et_pb_text][et_pb_text _builder_version=\u00bb4.9.0&#8243; _module_preset=\u00bbdefault\u00bb text_font_size=\u00bb1.25vw\u00bb text_line_height=\u00bb1.5em\u00bb header_font=\u00bb|600|||||||\u00bb header_text_color=\u00bb#e09900&#8243; header_font_size=\u00bb3vw\u00bb header_line_height=\u00bb1.5em\u00bb header_2_font=\u00bb|600|||||||\u00bb header_2_text_color=\u00bb#e09900&#8243; header_2_font_size=\u00bb2vw\u00bb header_2_line_height=\u00bb1.5em\u00bb text_orientation=\u00bbjustified\u00bb hover_enabled=\u00bb0&#8243; text_font_size_tablet=\u00bb2.2vw\u00bb text_font_size_phone=\u00bb3.5vw\u00bb text_font_size_last_edited=\u00bbon|phone\u00bb header_font_size_tablet=\u00bb5vw\u00bb header_font_size_phone=\u00bb7vw\u00bb header_font_size_last_edited=\u00bbon|phone\u00bb header_2_font_size_tablet=\u00bb2vw\u00bb header_2_font_size_phone=\u00bb3vw\u00bb header_2_font_size_last_edited=\u00bbon|phone\u00bb sticky_enabled=\u00bb0&#8243;]<\/p>\n<h2>9. Pol\u00edtica de cookies<\/h2>\n<p>Voc\u00ea pode consultar todas as informa\u00e7\u00f5es relacionadas \u00e0 pol\u00edtica de coleta e tratamento de cookies na p\u00e1gina do <a href=\"https:\/\/productoslaconstancia.com\/pt\/politica-de-cookies\/\"><strong>Pol\u00edtica de Cookies<\/strong><\/a><\/p>\n<p>[\/et_pb_text][et_pb_text _builder_version=\u00bb4.9.0&#8243; _module_preset=\u00bbdefault\u00bb text_font_size=\u00bb1.25vw\u00bb text_line_height=\u00bb1.5em\u00bb header_font=\u00bb|600|||||||\u00bb header_text_color=\u00bb#e09900&#8243; header_font_size=\u00bb3vw\u00bb header_line_height=\u00bb1.5em\u00bb header_2_font=\u00bb|600|||||||\u00bb header_2_text_color=\u00bb#e09900&#8243; header_2_font_size=\u00bb2vw\u00bb header_2_line_height=\u00bb1.5em\u00bb text_orientation=\u00bbjustified\u00bb text_font_size_tablet=\u00bb2.2vw\u00bb text_font_size_phone=\u00bb3.5vw\u00bb text_font_size_last_edited=\u00bbon|phone\u00bb header_font_size_tablet=\u00bb5vw\u00bb header_font_size_phone=\u00bb7vw\u00bb header_font_size_last_edited=\u00bbon|phone\u00bb header_2_font_size_tablet=\u00bb2vw\u00bb header_2_font_size_phone=\u00bb3vw\u00bb header_2_font_size_last_edited=\u00bbon|phone\u00bb]<\/p>\n<h2>10. Propriedade intelectual<\/h2>\n<p>O site La Constancia, incluindo, mas n\u00e3o se limitando \u00e0 sua programa\u00e7\u00e3o, design e outros elementos necess\u00e1rios ao seu funcionamento, logotipos, textos, gr\u00e1ficos e imagens s\u00e3o propriedade de La Constancia, com o exerc\u00edcio exclusivo dos direitos de explora\u00e7\u00e3o que nos correspondem.<\/p>\n<p>Os desenhos, logotipos, textos e gr\u00e1ficos fora de La Constancia e que podem aparecer no site pertencem aos seus respectivos propriet\u00e1rios. La Constancia reconhece a favor de seus titulares os correspondentes direitos de propriedade intelectual e industrial, sua mera men\u00e7\u00e3o ou apari\u00e7\u00e3o no site n\u00e3o implica a exist\u00eancia de quaisquer direitos ou responsabilidades sobre eles, nem implica endosso, patroc\u00ednio ou recomenda\u00e7\u00e3o de La Constancy.<\/p>\n<p>[\/et_pb_text][et_pb_text _builder_version=\u00bb4.9.0&#8243; _module_preset=\u00bbdefault\u00bb text_font_size=\u00bb1.25vw\u00bb text_line_height=\u00bb1.5em\u00bb header_font=\u00bb|600|||||||\u00bb header_text_color=\u00bb#e09900&#8243; header_font_size=\u00bb3vw\u00bb header_line_height=\u00bb1.5em\u00bb header_2_font=\u00bb|600|||||||\u00bb header_2_text_color=\u00bb#e09900&#8243; header_2_font_size=\u00bb2vw\u00bb header_2_line_height=\u00bb1.5em\u00bb text_orientation=\u00bbjustified\u00bb text_font_size_tablet=\u00bb2.2vw\u00bb text_font_size_phone=\u00bb3.5vw\u00bb text_font_size_last_edited=\u00bbon|phone\u00bb header_font_size_tablet=\u00bb5vw\u00bb header_font_size_phone=\u00bb7vw\u00bb header_font_size_last_edited=\u00bbon|phone\u00bb header_2_font_size_tablet=\u00bb2vw\u00bb header_2_font_size_phone=\u00bb3vw\u00bb header_2_font_size_last_edited=\u00bbon|phone\u00bb]<\/p>\n<h2>11. Legisla\u00e7\u00e3o Aplic\u00e1vel e Jurisdi\u00e7\u00e3o<\/h2>\n<p>Para a resolu\u00e7\u00e3o de todas as controv\u00e9rsias ou quest\u00f5es relacionadas com o site ou as atividades nele desenvolvidas, ser\u00e1 aplicada a legisla\u00e7\u00e3o espanhola, \u00e0 qual as partes se submetem expressamente, sendo competentes para resolver todos os conflitos derivados ou relacionados com a sua utiliza\u00e7\u00e3o nos Tribunais e Tribunais mais pr\u00f3ximos de Murcia.<br \/>Caso alguma cl\u00e1usula deste documento seja declarada nula, as demais cl\u00e1usulas permanecer\u00e3o em vigor e ser\u00e3o interpretadas levando-se em considera\u00e7\u00e3o a vontade das partes e a pr\u00f3pria finalidade destas condi\u00e7\u00f5es.<\/p>\n<p>Data de publica\u00e7\u00e3o: 21 de fevereiro de 2.021.<\/p>\n<p>&nbsp;<\/p>\n<p>&nbsp;<\/p>\n<p>[\/et_pb_text][\/et_pb_column][\/et_pb_row][\/et_pb_section]<\/p>\n","protected":false},"excerpt":{"rendered":"<p>AVISO LEGAL Em cumprimento ao artigo 10 da Lei 34\/2002, de 11 de julho, sobre Servi\u00e7os da Sociedade da Informa\u00e7\u00e3o e Com\u00e9rcio Eletr\u00f4nico, informamos que o Titular do site www.productoslaconstancia.com (doravante o &#8216;Site&#8217;), \u00e9 Productos La Constancia SL (doravante, &#8216;La Constancia&#8217;), com CIF B-30055370 e com sede em Pol\u00edgono Industrial El Semolilla, Calle N, Manzana [&hellip;]<\/p>\n","protected":false},"author":1,"featured_media":0,"parent":0,"menu_order":0,"comment_status":"closed","ping_status":"closed","template":"","meta":{"_et_pb_use_builder":"on","_et_pb_old_content":"<!-- wp:divi\/placeholder \/-->","_et_gb_content_width":"","footnotes":""},"class_list":["post-67","page","type-page","status-publish","hentry"],"_links":{"self":[{"href":"https:\/\/productoslaconstancia.com\/pt\/wp-json\/wp\/v2\/pages\/67","targetHints":{"allow":["GET"]}}],"collection":[{"href":"https:\/\/productoslaconstancia.com\/pt\/wp-json\/wp\/v2\/pages"}],"about":[{"href":"https:\/\/productoslaconstancia.com\/pt\/wp-json\/wp\/v2\/types\/page"}],"author":[{"embeddable":true,"href":"https:\/\/productoslaconstancia.com\/pt\/wp-json\/wp\/v2\/users\/1"}],"replies":[{"embeddable":true,"href":"https:\/\/productoslaconstancia.com\/pt\/wp-json\/wp\/v2\/comments?post=67"}],"version-history":[{"count":4,"href":"https:\/\/productoslaconstancia.com\/pt\/wp-json\/wp\/v2\/pages\/67\/revisions"}],"predecessor-version":[{"id":91,"href":"https:\/\/productoslaconstancia.com\/pt\/wp-json\/wp\/v2\/pages\/67\/revisions\/91"}],"wp:attachment":[{"href":"https:\/\/productoslaconstancia.com\/pt\/wp-json\/wp\/v2\/media?parent=67"}],"curies":[{"name":"wp","href":"https:\/\/api.w.org\/{rel}","templated":true}]}}