{"id":71,"date":"2021-02-21T10:40:25","date_gmt":"2021-02-21T10:40:25","guid":{"rendered":"https:\/\/productoslaconstancia.com\/pt\/?page_id=71"},"modified":"2021-02-21T10:46:00","modified_gmt":"2021-02-21T10:46:00","slug":"politica-de-cookies","status":"publish","type":"page","link":"https:\/\/productoslaconstancia.com\/pt\/politica-de-cookies\/","title":{"rendered":"POL\u00cdTICA DE COOKIES"},"content":{"rendered":"<p>[et_pb_section fb_built=\u00bb1&#8243; _builder_version=\u00bb4.4.6&#8243; _module_preset=\u00bbdefault\u00bb][et_pb_row _builder_version=\u00bb4.4.6&#8243; width=\u00bb80vw\u00bb width_tablet=\u00bb90vw\u00bb width_phone=\u00bb90vw\u00bb width_last_edited=\u00bbon|phone\u00bb max_width=\u00bb80vw\u00bb max_width_tablet=\u00bb90vw\u00bb max_width_phone=\u00bb90vw\u00bb max_width_last_edited=\u00bbon|desktop\u00bb custom_padding=\u00bb3vw|3vw|3vw|3vw|true|true\u00bb _module_preset=\u00bbdefault\u00bb][et_pb_column type=\u00bb4_4&#8243; _builder_version=\u00bb4.4.6&#8243; _module_preset=\u00bbdefault\u00bb][et_pb_text _builder_version=\u00bb4.9.0&#8243; text_font_size=\u00bb1.25vw\u00bb text_line_height=\u00bb1.5em\u00bb header_font=\u00bb|600|||||||\u00bb header_text_color=\u00bb#e09900&#8243; header_font_size=\u00bb3vw\u00bb header_line_height=\u00bb1.5em\u00bb header_2_font=\u00bb|600|||||||\u00bb header_2_text_color=\u00bb#e09900&#8243; header_2_font_size=\u00bb2vw\u00bb header_2_line_height=\u00bb1.5em\u00bb text_orientation=\u00bbjustified\u00bb hover_enabled=\u00bb0&#8243; text_font_size_tablet=\u00bb2.2vw\u00bb text_font_size_phone=\u00bb3.5vw\u00bb text_font_size_last_edited=\u00bbon|phone\u00bb header_font_size_tablet=\u00bb5vw\u00bb header_font_size_phone=\u00bb7vw\u00bb header_font_size_last_edited=\u00bbon|phone\u00bb header_2_font_size_tablet=\u00bb2vw\u00bb header_2_font_size_phone=\u00bb3vw\u00bb header_2_font_size_last_edited=\u00bbon|phone\u00bb _module_preset=\u00bbdefault\u00bb sticky_enabled=\u00bb0&#8243;]<\/p>\n<h1><strong>POL\u00cdTICA DE COOKIES<\/strong><\/h1>\n<p>Em virtude da entrada em vigor da altera\u00e7\u00e3o de refer\u00eancia da \u00abLei dos Servi\u00e7os da Sociedade da Informa\u00e7\u00e3o\u00bb (LSSICE) estabelecida pelo Real Decreto 13\/2012, \u00e9 obrigat\u00f3rio obter o consentimento expresso do utilizador de todas as p\u00e1ginas web que utilizam Cookies dispens\u00e1veis, antes de navegar por eles.<\/p>\n<p>[\/et_pb_text][et_pb_text _builder_version=\u00bb4.9.0&#8243; text_font_size=\u00bb1.25vw\u00bb text_line_height=\u00bb1.5em\u00bb header_font=\u00bb|600|||||||\u00bb header_text_color=\u00bb#e09900&#8243; header_font_size=\u00bb3vw\u00bb header_line_height=\u00bb1.5em\u00bb header_2_font=\u00bb|600|||||||\u00bb header_2_text_color=\u00bb#e09900&#8243; header_2_font_size=\u00bb2vw\u00bb header_2_line_height=\u00bb1.5em\u00bb text_orientation=\u00bbjustified\u00bb hover_enabled=\u00bb0&#8243; text_font_size_tablet=\u00bb2.2vw\u00bb text_font_size_phone=\u00bb3.5vw\u00bb text_font_size_last_edited=\u00bbon|phone\u00bb header_font_size_tablet=\u00bb5vw\u00bb header_font_size_phone=\u00bb7vw\u00bb header_font_size_last_edited=\u00bbon|phone\u00bb header_2_font_size_tablet=\u00bb2vw\u00bb header_2_font_size_phone=\u00bb3vw\u00bb header_2_font_size_last_edited=\u00bbon|phone\u00bb _module_preset=\u00bbdefault\u00bb sticky_enabled=\u00bb0&#8243;]<\/p>\n<h2>O que s\u00e3o cookies?<\/h2>\n<p>Cookies e outras tecnologias semelhantes, como objetos locais compartilhados, Flash Cookies ou pixels, s\u00e3o ferramentas utilizadas pelos servidores Web para armazenar e recuperar informa\u00e7\u00f5es sobre seus visitantes, bem como para oferecer o correto funcionamento do site. Atrav\u00e9s da utiliza\u00e7\u00e3o destes dispositivos, o servidor Web pode memorizar alguns dados relativos ao utilizador, tais como as suas prefer\u00eancias de visualiza\u00e7\u00e3o das p\u00e1ginas desse servidor, nome e palavra-passe, produtos que mais lhe interessam, etc.<\/p>\n<p>[\/et_pb_text][et_pb_text _builder_version=\u00bb4.9.0&#8243; text_font_size=\u00bb1.25vw\u00bb text_line_height=\u00bb1.5em\u00bb header_font=\u00bb|600|||||||\u00bb header_text_color=\u00bb#e09900&#8243; header_font_size=\u00bb3vw\u00bb header_line_height=\u00bb1.5em\u00bb header_2_font=\u00bb|600|||||||\u00bb header_2_text_color=\u00bb#e09900&#8243; header_2_font_size=\u00bb2vw\u00bb header_2_line_height=\u00bb1.5em\u00bb text_orientation=\u00bbjustified\u00bb hover_enabled=\u00bb0&#8243; text_font_size_tablet=\u00bb2.2vw\u00bb text_font_size_phone=\u00bb3.5vw\u00bb text_font_size_last_edited=\u00bbon|phone\u00bb header_font_size_tablet=\u00bb5vw\u00bb header_font_size_phone=\u00bb7vw\u00bb header_font_size_last_edited=\u00bbon|phone\u00bb header_2_font_size_tablet=\u00bb2vw\u00bb header_2_font_size_phone=\u00bb3vw\u00bb header_2_font_size_last_edited=\u00bbon|phone\u00bb _module_preset=\u00bbdefault\u00bb sticky_enabled=\u00bb0&#8243;]<\/p>\n<h2>Cookies afetados pelos regulamentos e Cookies Excepcionais<\/h2>\n<p>De acordo com a diretriz da UE, os Cookies que requerem o consentimento informado do usu\u00e1rio s\u00e3o os Cookies anal\u00edticos e de publicidade e afilia\u00e7\u00e3o, com exce\u00e7\u00e3o daqueles de natureza t\u00e9cnica e aqueles necess\u00e1rios para o funcionamento do site ou a presta\u00e7\u00e3o de servi\u00e7os expressamente solicitados pelo usu\u00e1rio.<\/p>\n<p>[\/et_pb_text][et_pb_text _builder_version=\u00bb4.9.0&#8243; text_font_size=\u00bb1.25vw\u00bb text_line_height=\u00bb1.5em\u00bb header_font=\u00bb|600|||||||\u00bb header_text_color=\u00bb#e09900&#8243; header_font_size=\u00bb3vw\u00bb header_line_height=\u00bb1.5em\u00bb header_2_font=\u00bb|600|||||||\u00bb header_2_text_color=\u00bb#e09900&#8243; header_2_font_size=\u00bb2vw\u00bb header_2_line_height=\u00bb1.5em\u00bb text_orientation=\u00bbjustified\u00bb hover_enabled=\u00bb0&#8243; text_font_size_tablet=\u00bb2.2vw\u00bb text_font_size_phone=\u00bb3.5vw\u00bb text_font_size_last_edited=\u00bbon|phone\u00bb header_font_size_tablet=\u00bb5vw\u00bb header_font_size_phone=\u00bb7vw\u00bb header_font_size_last_edited=\u00bbon|phone\u00bb header_2_font_size_tablet=\u00bb2vw\u00bb header_2_font_size_phone=\u00bb3vw\u00bb header_2_font_size_last_edited=\u00bbon|phone\u00bb _module_preset=\u00bbdefault\u00bb sticky_enabled=\u00bb0&#8243;]<\/p>\n<h2>Que tipos de cookies existem?<\/h2>\n<p>Em rela\u00e7\u00e3o aos tipos de cookies, existem cinco grandes grupos:<\/p>\n<ul>\n<li><strong>Cookies anal\u00edticos:<\/strong> recolhem informa\u00e7\u00e3o sobre a utiliza\u00e7\u00e3o do site.<\/li>\n<li><strong>Cookies sociais:<\/strong> s\u00e3o os necess\u00e1rios para redes sociais externas.<\/li>\n<li><strong>Cookies de afiliados:<\/strong> permitem rastrear visitas de outros sites, com os quais o site estabelece um contrato de afilia\u00e7\u00e3o (empresas afiliadas).<\/li>\n<li><strong>Cookies publicit\u00e1rios e comportamentais:<\/strong> eles coletam informa\u00e7\u00f5es sobre as prefer\u00eancias e escolhas pessoais do usu\u00e1rio (retargeting).<\/li>\n<li><strong>Cookies t\u00e9cnicos e funcionais:<\/strong> s\u00e3o estritamente necess\u00e1rios para a utiliza\u00e7\u00e3o do site e para a presta\u00e7\u00e3o do servi\u00e7o contratado.<\/li>\n<\/ul>\n<p>[\/et_pb_text][et_pb_text _builder_version=\u00bb4.9.0&#8243; text_font_size=\u00bb1.25vw\u00bb text_line_height=\u00bb1.5em\u00bb header_font=\u00bb|600|||||||\u00bb header_text_color=\u00bb#e09900&#8243; header_font_size=\u00bb3vw\u00bb header_line_height=\u00bb1.5em\u00bb header_2_font=\u00bb|600|||||||\u00bb header_2_text_color=\u00bb#e09900&#8243; header_2_font_size=\u00bb2vw\u00bb header_2_line_height=\u00bb1.5em\u00bb text_orientation=\u00bbjustified\u00bb hover_enabled=\u00bb0&#8243; text_font_size_tablet=\u00bb2.2vw\u00bb text_font_size_phone=\u00bb3.5vw\u00bb text_font_size_last_edited=\u00bbon|phone\u00bb header_font_size_tablet=\u00bb5vw\u00bb header_font_size_phone=\u00bb7vw\u00bb header_font_size_last_edited=\u00bbon|phone\u00bb header_2_font_size_tablet=\u00bb2vw\u00bb header_2_font_size_phone=\u00bb3vw\u00bb header_2_font_size_last_edited=\u00bbon|phone\u00bb _module_preset=\u00bbdefault\u00bb sticky_enabled=\u00bb0&#8243;]<\/p>\n<h2>Cookies usados \u200b\u200bneste site<\/h2>\n<p>Cookies de terceiros<\/p>\n<ul>\n<li>_ga, _gat, _gid: Cookies do Google Analytics que habilitam a fun\u00e7\u00e3o de controle de visita \u00fanica. Na primeira vez que um usu\u00e1rio entrar no site por meio de um navegador, este Cookie ser\u00e1 instalado. Quando este usu\u00e1rio entrar novamente na web com o mesmo navegador, o Cookie ir\u00e1 considerar que \u00e9 o mesmo usu\u00e1rio. Somente no caso de o usu\u00e1rio mudar de navegador, ele ser\u00e1 considerado outro usu\u00e1rio. Ele expira 2 anos ap\u00f3s a \u00faltima atualiza\u00e7\u00e3o.<br \/> En<a href=\"https:\/\/policies.google.com\/privacy?hl=es&amp;gl=es\" target=\"_blank\" rel=\"noopener\">https:\/\/policies.google.com\/privacy?hl=es&amp;gl=es<\/a>\u00a0voc\u00ea encontrar\u00e1 mais informa\u00e7\u00f5es sobre a Pol\u00edtica de Privacidade do Google.<\/li>\n<\/ul>\n<p>[\/et_pb_text][et_pb_text _builder_version=\u00bb4.9.0&#8243; text_font_size=\u00bb1.25vw\u00bb text_line_height=\u00bb1.5em\u00bb header_font=\u00bb|600|||||||\u00bb header_text_color=\u00bb#e09900&#8243; header_font_size=\u00bb3vw\u00bb header_line_height=\u00bb1.5em\u00bb header_2_font=\u00bb|600|||||||\u00bb header_2_text_color=\u00bb#e09900&#8243; header_2_font_size=\u00bb2vw\u00bb header_2_line_height=\u00bb1.5em\u00bb text_orientation=\u00bbjustified\u00bb hover_enabled=\u00bb0&#8243; text_font_size_tablet=\u00bb2.2vw\u00bb text_font_size_phone=\u00bb3.5vw\u00bb text_font_size_last_edited=\u00bbon|phone\u00bb header_font_size_tablet=\u00bb5vw\u00bb header_font_size_phone=\u00bb7vw\u00bb header_font_size_last_edited=\u00bbon|phone\u00bb header_2_font_size_tablet=\u00bb2vw\u00bb header_2_font_size_phone=\u00bb3vw\u00bb header_2_font_size_last_edited=\u00bbon|phone\u00bb _module_preset=\u00bbdefault\u00bb sticky_enabled=\u00bb0&#8243;]<\/p>\n<h2>Como posso configurar ou desabilitar os cookies?<\/h2>\n<p>Voc\u00ea pode aceitar, bloquear ou excluir os Cookies instalados no seu computador configurando as op\u00e7\u00f5es do seu navegador. Nos links a seguir, voc\u00ea encontrar\u00e1 instru\u00e7\u00f5es para habilitar ou desabilitar Cookies nos navegadores mais comuns:<\/p>\n<ul>\n<li>Firefox<a href=\"http:\/\/support.mozilla.org\/es\/kb\/habilitar-y-deshabilitar-Cookies-que-los-sitios-we\" target=\"_blank\" rel=\"noopener\">http:\/\/support.mozilla.org\/es\/kb\/habilitar-y-deshabilitar-Cookies-que-los-sitios-we<\/a><\/li>\n<li>Safari<a href=\"http:\/\/support.apple.com\/kb\/HT1677?viewlocale=es_ES\" target=\"_blank\" rel=\"noopener\">http:\/\/support.apple.com\/kb\/HT1677?viewlocale=es_ES\/<\/a><\/li>\n<li>Google Chrome<a href=\"https:\/\/support.google.com\/chrome\/answer\/95647?hl=es\" target=\"_blank\" rel=\"noopener\">https:\/\/support.google.com\/chrome\/answer\/95647?hl=es<\/a><\/li>\n<li>Outros navegadores Verifique a documenta\u00e7\u00e3o do navegador instalado.<\/li>\n<\/ul>\n<p><strong>Aviso sobre exclus\u00e3o de cookies.<\/strong><br \/>Voc\u00ea pode remover e bloquear cookies deste site, mas parte do site n\u00e3o funcionar\u00e1 corretamente.<\/p>\n<p>[\/et_pb_text][\/et_pb_column][\/et_pb_row][\/et_pb_section]<\/p>\n","protected":false},"excerpt":{"rendered":"<p>POL\u00cdTICA DE COOKIES Em virtude da entrada em vigor da altera\u00e7\u00e3o de refer\u00eancia da \u00abLei dos Servi\u00e7os da Sociedade da Informa\u00e7\u00e3o\u00bb (LSSICE) estabelecida pelo Real Decreto 13\/2012, \u00e9 obrigat\u00f3rio obter o consentimento expresso do utilizador de todas as p\u00e1ginas web que utilizam Cookies dispens\u00e1veis, antes de navegar por eles.O que s\u00e3o cookies? Cookies e outras [&hellip;]<\/p>\n","protected":false},"author":1,"featured_media":0,"parent":0,"menu_order":0,"comment_status":"closed","ping_status":"closed","template":"","meta":{"_et_pb_use_builder":"on","_et_pb_old_content":"<!-- wp:divi\/placeholder \/-->","_et_gb_content_width":"","footnotes":""},"class_list":["post-71","page","type-page","status-publish","hentry"],"_links":{"self":[{"href":"https:\/\/productoslaconstancia.com\/pt\/wp-json\/wp\/v2\/pages\/71","targetHints":{"allow":["GET"]}}],"collection":[{"href":"https:\/\/productoslaconstancia.com\/pt\/wp-json\/wp\/v2\/pages"}],"about":[{"href":"https:\/\/productoslaconstancia.com\/pt\/wp-json\/wp\/v2\/types\/page"}],"author":[{"embeddable":true,"href":"https:\/\/productoslaconstancia.com\/pt\/wp-json\/wp\/v2\/users\/1"}],"replies":[{"embeddable":true,"href":"https:\/\/productoslaconstancia.com\/pt\/wp-json\/wp\/v2\/comments?post=71"}],"version-history":[{"count":4,"href":"https:\/\/productoslaconstancia.com\/pt\/wp-json\/wp\/v2\/pages\/71\/revisions"}],"predecessor-version":[{"id":77,"href":"https:\/\/productoslaconstancia.com\/pt\/wp-json\/wp\/v2\/pages\/71\/revisions\/77"}],"wp:attachment":[{"href":"https:\/\/productoslaconstancia.com\/pt\/wp-json\/wp\/v2\/media?parent=71"}],"curies":[{"name":"wp","href":"https:\/\/api.w.org\/{rel}","templated":true}]}}